{"id":56,"date":"2025-01-17T14:27:42","date_gmt":"2025-01-17T14:27:42","guid":{"rendered":"https:\/\/ak-okna.pl\/?page_id=56"},"modified":"2026-01-02T14:53:13","modified_gmt":"2026-01-02T14:53:13","slug":"ak-okna-home","status":"publish","type":"page","link":"https:\/\/ak-okna.pl\/","title":{"rendered":"AK-OKNA HOME"},"content":{"rendered":"<p>[et_pb_section fb_built=&#8221;1&#8243; custom_padding_last_edited=&#8221;on|phone&#8221; admin_label=&#8221;Header&#8221; _builder_version=&#8221;4.27.4&#8243; _module_preset=&#8221;e3a54863-fd32-43e5-a540-87a12aed402e&#8221; background_color_gradient_stops=&#8221;gcid-d119accd-44d7-4f2f-b9d7-599c8463324b 1%|rgba(255,255,255,0) 26%|rgba(7,33,48,0.6) 76%|#072130 100%&#8221; background_image=&#8221;https:\/\/ak-okna.pl\/wp-content\/uploads\/2025\/01\/beautiful-view-blue-lake-captured-from-inside-villa-scaled.jpg&#8221; background_enable_image=&#8221;on&#8221; custom_padding=&#8221;||0px||false|false&#8221; custom_padding_tablet=&#8221;&#8221; custom_padding_phone=&#8221;||0px||false|false&#8221; collapsed=&#8221;on&#8221; global_colors_info=&#8221;{%22gcid-1f1bf5fb-a99d-4acc-8d9e-ddac074c158c%22:%91%22background_color_gradient_stops%22,%22background_color_gradient_stops%22%93,%22gcid-4c79ba3d-a281-4fb6-9b14-02f9a4c793f2%22:%91%22background_color_gradient_stops%22,%22background_color_gradient_stops%22%93,%22gcid-688c464a-d6f2-4296-b592-395352c71c79%22:%91%22background_color_gradient_stops%22,%22background_color_gradient_stops%22%93,%22gcid-d119accd-44d7-4f2f-b9d7-599c8463324b%22:%91%22background_color_gradient_stops%22,%22background_color_gradient_stops%22%93}&#8221;][et_pb_row _builder_version=&#8221;4.27.4&#8243; _module_preset=&#8221;default&#8221; background_color=&#8221;rgba(255,255,255,0.61)&#8221; width=&#8221;100%&#8221; max_width=&#8221;2560px&#8221; custom_padding=&#8221;||5px|||&#8221; global_colors_info=&#8221;{}&#8221;][et_pb_column type=&#8221;4_4&#8243; _builder_version=&#8221;4.25.1&#8243; _module_preset=&#8221;default&#8221; global_colors_info=&#8221;{}&#8221;][et_pb_heading title=&#8221;Witaj w AK-OKNA&#8221; _builder_version=&#8221;4.27.4&#8243; _module_preset=&#8221;468a1d5b-1e03-4528-bf29-d65619568d70&#8243; title_text_align=&#8221;center&#8221; custom_margin=&#8221;||10px||false|false&#8221; title_font_size_phone=&#8221;36px&#8221; global_colors_info=&#8221;{}&#8221;][\/et_pb_heading][\/et_pb_column][\/et_pb_row][et_pb_row column_structure=&#8221;3_5,2_5&#8243; make_equal=&#8221;on&#8221; _builder_version=&#8221;4.27.4&#8243; _module_preset=&#8221;default&#8221; custom_padding=&#8221;54px|||||&#8221; global_colors_info=&#8221;{}&#8221;][et_pb_column type=&#8221;3_5&#8243; _builder_version=&#8221;4.25.2&#8243; _module_preset=&#8221;85762781-288e-4f19-8320-c77560ad6a8c&#8221; global_colors_info=&#8221;{}&#8221;][et_pb_text quote_border_color=&#8221;#0047ff&#8221; _builder_version=&#8221;4.27.4&#8243; _module_preset=&#8221;382dfc50-48de-4859-89bc-7fe877e9a4d4&#8243; text_font_size=&#8221;22px&#8221; link_text_color=&#8221;#0047ff&#8221; quote_text_color=&#8221;#0047ff&#8221; global_colors_info=&#8221;{}&#8221;]<\/p>\n<p style=\"text-align: center;\">Wszystko, czego potrzebujesz,<br \/>w jednym miejscu.<\/p>\n<p>[\/et_pb_text][et_pb_image src=&#8221;https:\/\/ak-okna.pl\/wp-content\/uploads\/2025\/01\/Gemini_Generated_Image_enqlk0enqlk0enql-scaled.jpg&#8221; title_text=&#8221;Gemini_Generated_Image_enqlk0enqlk0enql&#8221; _builder_version=&#8221;4.27.4&#8243; _module_preset=&#8221;default&#8221; global_colors_info=&#8221;{}&#8221;][\/et_pb_image][\/et_pb_column][et_pb_column type=&#8221;2_5&#8243; _builder_version=&#8221;4.27.4&#8243; _module_preset=&#8221;5c9271fe-a884-4aa5-b671-9f6ee48fb197&#8243; custom_padding=&#8221;40px|43px|40px|43px|true|true&#8221; global_colors_info=&#8221;{%22gcid-4c79ba3d-a281-4fb6-9b14-02f9a4c793f2%22:%91%22background_color%22%93}&#8221;][et_pb_text _builder_version=&#8221;4.27.4&#8243; _module_preset=&#8221;fe62d46f-fb24-48f4-ae29-8940f2230504&#8243; global_colors_info=&#8221;{}&#8221;]<\/p>\n<p><strong>AK-OKNA Arkadiusz Kaczmarek<\/strong> to firma z wieloletnim do\u015bwiadczeniem, specjalizuj\u0105ca si\u0119 w dostarczaniu wysokiej jako\u015bci produkt\u00f3w zwi\u0105zanych z wyposa\u017ceniem okiennym i drzwiowym. W naszej ofercie znajdziesz szeroki wyb\u00f3r <strong>okien PCV<\/strong>, <strong>drzwi zewn\u0119trznych<\/strong>, <strong>bram gara\u017cowych<\/strong>, <strong>rolet<\/strong> oraz <strong>moskitier<\/strong>.<\/p>\n<p>[\/et_pb_text][\/et_pb_column][\/et_pb_row][\/et_pb_section][et_pb_section fb_built=&#8221;1&#8243; admin_label=&#8221;Our Mission&#8221; _builder_version=&#8221;4.27.4&#8243; _module_preset=&#8221;eae1ab9f-f7d0-420e-89f3-5dc6416d87cf&#8221; custom_margin=&#8221;-1px||||false|false&#8221; custom_padding=&#8221;2vw||2vw||true|false&#8221; collapsed=&#8221;on&#8221; global_colors_info=&#8221;{}&#8221;][et_pb_row _builder_version=&#8221;4.25.1&#8243; _module_preset=&#8221;default&#8221; max_width=&#8221;900px&#8221; global_colors_info=&#8221;{}&#8221;][et_pb_column type=&#8221;4_4&#8243; _builder_version=&#8221;4.25.1&#8243; _module_preset=&#8221;default&#8221; global_colors_info=&#8221;{}&#8221;][et_pb_heading title=&#8221;DO\u015aWIADCZENIE&#8221; _builder_version=&#8221;4.27.4&#8243; _module_preset=&#8221;98cfe2cd-dbb8-4d37-9b2b-728f1fd7e90f&#8221; title_text_align=&#8221;center&#8221; title_text_color=&#8221;gcid-4c79ba3d-a281-4fb6-9b14-02f9a4c793f2&#8243; title_font_size_phone=&#8221;25px&#8221; global_colors_info=&#8221;{%22gcid-4c79ba3d-a281-4fb6-9b14-02f9a4c793f2%22:%91%22title_text_color%22%93}&#8221;][\/et_pb_heading][et_pb_heading title=&#8221;Dzi\u0119ki wieloletniej obecno\u015bci na rynku oraz \u015bcis\u0142ej wsp\u00f3\u0142pracy z renomowanymi producentami, jeste\u015bmy w stanie sprosta\u0107 oczekiwaniom nawet najbardziej wymagaj\u0105cych klient\u00f3w. Naszym priorytetem jest zapewnienie kompleksowej obs\u0142ugi, pocz\u0105wszy od doradztwa w zakresie wyboru odpowiednich produkt\u00f3w, poprzez fachowy monta\u017c, a\u017c po serwis gwarancyjny i pogwarancyjny.&#8221; _builder_version=&#8221;4.27.4&#8243; _module_preset=&#8221;648dfd7d-4749-40a8-a66f-28e9cebe984f&#8221; title_text_align=&#8221;center&#8221; title_text_color=&#8221;#FFFFFF&#8221; title_font_size=&#8221;24px&#8221; global_colors_info=&#8221;{}&#8221;][\/et_pb_heading][et_pb_heading title=&#8221;Ju\u017c teraz sprawd\u017a nasze realizacje oraz odwied\u017a Nasz profil na FB:&#8221; _builder_version=&#8221;4.27.4&#8243; _module_preset=&#8221;648dfd7d-4749-40a8-a66f-28e9cebe984f&#8221; title_text_align=&#8221;center&#8221; title_text_color=&#8221;#FFFFFF&#8221; title_font_size=&#8221;24px&#8221; hover_enabled=&#8221;0&#8243; global_colors_info=&#8221;{}&#8221; sticky_enabled=&#8221;0&#8243;][\/et_pb_heading][et_pb_social_media_follow _builder_version=&#8221;4.27.4&#8243; _module_preset=&#8221;default&#8221; icon_color=&#8221;#FFFFFF&#8221; use_icon_font_size=&#8221;on&#8221; icon_font_size=&#8221;29px&#8221; text_orientation=&#8221;center&#8221; hover_enabled=&#8221;0&#8243; sticky_enabled=&#8221;0&#8243;][et_pb_social_media_follow_network social_network=&#8221;facebook&#8221; background_color=&#8221;#3b5998&#8243; _builder_version=&#8221;4.27.4&#8243; _module_preset=&#8221;default&#8221; follow_button=&#8221;off&#8221; url_new_window=&#8221;on&#8221; url=&#8221;https:\/\/www.facebook.com\/p\/AK-Okna-Arkadiusz-Kaczmarek-61574805905371\/&#8221; hover_enabled=&#8221;0&#8243; sticky_enabled=&#8221;0&#8243;]facebook[\/et_pb_social_media_follow_network][\/et_pb_social_media_follow][\/et_pb_column][\/et_pb_row][\/et_pb_section][et_pb_section fb_built=&#8221;1&#8243; custom_padding_last_edited=&#8221;on|phone&#8221; admin_label=&#8221;Programs&#8221; _builder_version=&#8221;4.27.4&#8243; _module_preset=&#8221;d0075f99-4e63-4823-9ea6-5a6572e65f46&#8243; custom_padding_tablet=&#8221;&#8221; custom_padding_phone=&#8221;0px||12px||false|false&#8221; collapsed=&#8221;on&#8221; global_colors_info=&#8221;{}&#8221;][et_pb_row _builder_version=&#8221;4.25.1&#8243; _module_preset=&#8221;default&#8221; global_colors_info=&#8221;{}&#8221;][et_pb_column type=&#8221;4_4&#8243; _builder_version=&#8221;4.25.1&#8243; _module_preset=&#8221;default&#8221; global_colors_info=&#8221;{}&#8221;][et_pb_heading title=&#8221;Oferta&#8221; _builder_version=&#8221;4.27.4&#8243; _module_preset=&#8221;53fda88d-45d4-41b7-897f-398f9f6db135&#8243; custom_margin_tablet=&#8221;&#8221; custom_margin_phone=&#8221;0px||0px||false|false&#8221; custom_margin_last_edited=&#8221;on|phone&#8221; custom_padding_tablet=&#8221;&#8221; custom_padding_phone=&#8221;0px||0px||false|false&#8221; custom_padding_last_edited=&#8221;on|phone&#8221; title_text_align_tablet=&#8221;&#8221; title_text_align_phone=&#8221;center&#8221; title_text_align_last_edited=&#8221;on|phone&#8221; title_font_size_phone=&#8221;39px&#8221; title_line_height_tablet=&#8221;&#8221; title_line_height_phone=&#8221;1.2em&#8221; title_line_height_last_edited=&#8221;on|phone&#8221; global_colors_info=&#8221;{}&#8221;][\/et_pb_heading][\/et_pb_column][\/et_pb_row][et_pb_row column_structure=&#8221;1_5,1_5,1_5,1_5,1_5&#8243; custom_padding_last_edited=&#8221;on|phone&#8221; _builder_version=&#8221;4.27.4&#8243; _module_preset=&#8221;default&#8221; custom_padding=&#8221;||9px|||&#8221; custom_padding_tablet=&#8221;||9px|||&#8221; custom_padding_phone=&#8221;0px||9px||false|false&#8221; global_colors_info=&#8221;{}&#8221;][et_pb_column type=&#8221;1_5&#8243; _builder_version=&#8221;4.25.1&#8243; _module_preset=&#8221;default&#8221; global_colors_info=&#8221;{}&#8221;][et_pb_image src=&#8221;https:\/\/ak-okna.pl\/wp-content\/uploads\/2025\/01\/nussbaum.webp&#8221; title_text=&#8221;nussbaum&#8221; _builder_version=&#8221;4.27.4&#8243; _module_preset=&#8221;5469ef8b-c7bc-45ea-a8e6-9f60e7ad34aa&#8221; custom_margin=&#8221;||||false|false&#8221; global_colors_info=&#8221;{}&#8221;][\/et_pb_image][et_pb_heading title=&#8221;Okna&#8221; _builder_version=&#8221;4.27.4&#8243; _module_preset=&#8221;ccc9ebfd-c236-4e3b-94d1-a4906ed0c4c2&#8243; custom_margin=&#8221;||0px||false|false&#8221; global_colors_info=&#8221;{}&#8221;][\/et_pb_heading][et_pb_text quote_border_color=&#8221;#0047ff&#8221; _builder_version=&#8221;4.27.4&#8243; _module_preset=&#8221;382dfc50-48de-4859-89bc-7fe877e9a4d4&#8243; link_text_color=&#8221;#0047ff&#8221; quote_text_color=&#8221;#0047ff&#8221; custom_margin=&#8221;||10px||false|false&#8221; global_colors_info=&#8221;{}&#8221;]<\/p>\n<p>To nowoczesne i energooszcz\u0119dne rozwi\u0105zanie, kt\u00f3re zapewni komfort i ciep\u0142o w Twoim domu.<\/p>\n<p>[\/et_pb_text][\/et_pb_column][et_pb_column type=&#8221;1_5&#8243; _builder_version=&#8221;4.25.1&#8243; _module_preset=&#8221;default&#8221; global_colors_info=&#8221;{}&#8221;][et_pb_image src=&#8221;https:\/\/ak-okna.pl\/wp-content\/uploads\/2025\/01\/348148-e5d2-410&#215;410-ac0-bgffffff_exd4-paski.webp&#8221; title_text=&#8221;348148-e5d2-410&#215;410-ac0-bgffffff_exd4-paski&#8221; _builder_version=&#8221;4.27.4&#8243; _module_preset=&#8221;5469ef8b-c7bc-45ea-a8e6-9f60e7ad34aa&#8221; custom_margin=&#8221;||||false|false&#8221; global_colors_info=&#8221;{}&#8221;][\/et_pb_image][et_pb_heading title=&#8221;Drzwi&#8221; _builder_version=&#8221;4.27.4&#8243; _module_preset=&#8221;ccc9ebfd-c236-4e3b-94d1-a4906ed0c4c2&#8243; custom_margin=&#8221;||0px||false|false&#8221; global_colors_info=&#8221;{}&#8221;][\/et_pb_heading][et_pb_text quote_border_color=&#8221;#0047ff&#8221; _builder_version=&#8221;4.27.4&#8243; _module_preset=&#8221;382dfc50-48de-4859-89bc-7fe877e9a4d4&#8243; link_text_color=&#8221;#0047ff&#8221; quote_text_color=&#8221;#0047ff&#8221; custom_margin=&#8221;||10px||false|false&#8221; global_colors_info=&#8221;{}&#8221;]<\/p>\n<p><b>Niew\u0105tpliwie to<\/b> wizyt\u00f3wka ka\u017cdego domu. W ofercie znajdziesz drzwi o r\u00f3\u017cnorodnym designie.<\/p>\n<p>[\/et_pb_text][\/et_pb_column][et_pb_column type=&#8221;1_5&#8243; _builder_version=&#8221;4.25.1&#8243; _module_preset=&#8221;default&#8221; global_colors_info=&#8221;{}&#8221;][et_pb_image src=&#8221;https:\/\/ak-okna.pl\/wp-content\/uploads\/2025\/01\/66081c2c45aa27f1e89ca7a2480911bb.png&#8221; title_text=&#8221;66081c2c45aa27f1e89ca7a2480911bb&#8221; _builder_version=&#8221;4.27.4&#8243; _module_preset=&#8221;5469ef8b-c7bc-45ea-a8e6-9f60e7ad34aa&#8221; custom_margin=&#8221;||||false|false&#8221; global_colors_info=&#8221;{}&#8221;][\/et_pb_image][et_pb_heading title=&#8221;Bramy&#8221; _builder_version=&#8221;4.27.4&#8243; _module_preset=&#8221;ccc9ebfd-c236-4e3b-94d1-a4906ed0c4c2&#8243; custom_margin=&#8221;||0px||false|false&#8221; global_colors_info=&#8221;{}&#8221;][\/et_pb_heading][et_pb_text quote_border_color=&#8221;#0047ff&#8221; _builder_version=&#8221;4.27.4&#8243; _module_preset=&#8221;382dfc50-48de-4859-89bc-7fe877e9a4d4&#8243; link_text_color=&#8221;#0047ff&#8221; quote_text_color=&#8221;#0047ff&#8221; custom_margin=&#8221;||10px||false|false&#8221; global_colors_info=&#8221;{}&#8221;]<\/p>\n<p>Oferujemy bramy segmentowe manualne oraz automatyczne oraz uchylne, wykonane z r\u00f3\u017cnych materia\u0142\u00f3w.<\/p>\n<p>[\/et_pb_text][\/et_pb_column][et_pb_column type=&#8221;1_5&#8243; _builder_version=&#8221;4.25.1&#8243; _module_preset=&#8221;default&#8221; global_colors_info=&#8221;{}&#8221;][et_pb_image src=&#8221;https:\/\/ak-okna.pl\/wp-content\/uploads\/2025\/01\/zewnetrzne-aluminiowe.jpeg&#8221; title_text=&#8221;zewnetrzne-aluminiowe&#8221; _builder_version=&#8221;4.27.4&#8243; _module_preset=&#8221;5469ef8b-c7bc-45ea-a8e6-9f60e7ad34aa&#8221; custom_margin=&#8221;||||false|false&#8221; global_colors_info=&#8221;{}&#8221;][\/et_pb_image][et_pb_heading title=&#8221;Rolety&#8221; _builder_version=&#8221;4.27.4&#8243; _module_preset=&#8221;ccc9ebfd-c236-4e3b-94d1-a4906ed0c4c2&#8243; custom_margin=&#8221;||0px||false|false&#8221; global_colors_info=&#8221;{}&#8221;][\/et_pb_heading][et_pb_text quote_border_color=&#8221;#0047ff&#8221; _builder_version=&#8221;4.27.4&#8243; _module_preset=&#8221;382dfc50-48de-4859-89bc-7fe877e9a4d4&#8243; link_text_color=&#8221;#0047ff&#8221; quote_text_color=&#8221;#0047ff&#8221; custom_margin=&#8221;||10px||false|false&#8221; global_colors_info=&#8221;{}&#8221;]<\/p>\n<p>Zewn\u0119trzne i wewn\u0119trzne to doskona\u0142e rozwi\u0105zanie, kt\u00f3re zapewni Tobie prywatno\u015b\u0107.<\/p>\n<p>[\/et_pb_text][\/et_pb_column][et_pb_column type=&#8221;1_5&#8243; _builder_version=&#8221;4.25.1&#8243; _module_preset=&#8221;default&#8221; global_colors_info=&#8221;{}&#8221;][et_pb_image src=&#8221;https:\/\/ak-okna.pl\/wp-content\/uploads\/2025\/01\/images.jpg&#8221; title_text=&#8221;images&#8221; align=&#8221;center&#8221; align_tablet=&#8221;center&#8221; align_phone=&#8221;center&#8221; align_last_edited=&#8221;on|desktop&#8221; _builder_version=&#8221;4.27.4&#8243; _module_preset=&#8221;5469ef8b-c7bc-45ea-a8e6-9f60e7ad34aa&#8221; custom_margin=&#8221;||||false|false&#8221; global_colors_info=&#8221;{}&#8221;][\/et_pb_image][et_pb_heading title=&#8221;Moskitiery&#8221; _builder_version=&#8221;4.27.4&#8243; _module_preset=&#8221;ccc9ebfd-c236-4e3b-94d1-a4906ed0c4c2&#8243; custom_margin=&#8221;||0px||false|false&#8221; global_colors_info=&#8221;{}&#8221;][\/et_pb_heading][et_pb_text quote_border_color=&#8221;#0047ff&#8221; _builder_version=&#8221;4.27.4&#8243; _module_preset=&#8221;382dfc50-48de-4859-89bc-7fe877e9a4d4&#8243; link_text_color=&#8221;#0047ff&#8221; quote_text_color=&#8221;#0047ff&#8221; custom_margin=&#8221;||10px||false|false&#8221; global_colors_info=&#8221;{}&#8221;]<\/p>\n<p>Niezb\u0119dne wyposa\u017cenie ka\u017cdego okna, kt\u00f3re ochroni Ci\u0119 przed owadami i zapewni cyrkulacj\u0119 powietrza.<\/p>\n<p>[\/et_pb_text][\/et_pb_column][\/et_pb_row][et_pb_row _builder_version=&#8221;4.27.4&#8243; _module_preset=&#8221;default&#8221; global_colors_info=&#8221;{}&#8221;][et_pb_column type=&#8221;4_4&#8243; _builder_version=&#8221;4.27.4&#8243; _module_preset=&#8221;default&#8221; global_colors_info=&#8221;{}&#8221;][et_pb_button button_url=&#8221;https:\/\/ak-okna.pl\/?page_id=106&#8243; button_text=&#8221;Zobacz pe\u0142n\u0105 ofert\u0119&#8221; button_alignment=&#8221;center&#8221; _builder_version=&#8221;4.27.4&#8243; _module_preset=&#8221;default&#8221; custom_button=&#8221;on&#8221; button_text_size=&#8221;17px&#8221; button_text_color=&#8221;#FFFFFF&#8221; button_bg_color=&#8221;#0C71C3&#8243; button_border_radius=&#8221;15px&#8221; button_font=&#8221;|||||on|||&#8221; custom_padding=&#8221;|150px||150px|false|false&#8221; custom_padding_tablet=&#8221;|150px||150px|false|false&#8221; custom_padding_phone=&#8221;|19px||19px|false|true&#8221; custom_padding_last_edited=&#8221;on|phone&#8221; button_text_size_tablet=&#8221;17px&#8221; button_text_size_phone=&#8221;22px&#8221; button_text_size_last_edited=&#8221;on|phone&#8221; button_bg_color_tablet=&#8221;#707070&#8243; button_bg_color_phone=&#8221;#0C71C3&#8243; button_bg_color_last_edited=&#8221;on|phone&#8221; button_bg_enable_color_phone=&#8221;on&#8221; global_colors_info=&#8221;{}&#8221;][\/et_pb_button][\/et_pb_column][\/et_pb_row][\/et_pb_section][et_pb_section fb_built=&#8221;1&#8243; admin_label=&#8221;Stats&#8221; _builder_version=&#8221;4.25.2&#8243; _module_preset=&#8221;eae1ab9f-f7d0-420e-89f3-5dc6416d87cf&#8221; custom_padding=&#8221;31px||28px|||&#8221; collapsed=&#8221;on&#8221; global_colors_info=&#8221;{}&#8221;][et_pb_row _builder_version=&#8221;4.25.1&#8243; _module_preset=&#8221;default&#8221; global_colors_info=&#8221;{}&#8221;][et_pb_column type=&#8221;4_4&#8243; _builder_version=&#8221;4.25.1&#8243; _module_preset=&#8221;default&#8221; global_colors_info=&#8221;{}&#8221;][et_pb_heading title=&#8221;AK-OKNA w liczbach&#8221; _builder_version=&#8221;4.27.4&#8243; _module_preset=&#8221;53fda88d-45d4-41b7-897f-398f9f6db135&#8243; title_text_align=&#8221;center&#8221; title_text_color=&#8221;#FFFFFF&#8221; title_font_size_phone=&#8221;27px&#8221; global_colors_info=&#8221;{}&#8221;][\/et_pb_heading][\/et_pb_column][\/et_pb_row][et_pb_row column_structure=&#8221;1_3,1_3,1_3&#8243; custom_padding_last_edited=&#8221;on|phone&#8221; _builder_version=&#8221;4.27.4&#8243; _module_preset=&#8221;default&#8221; custom_padding_tablet=&#8221;&#8221; custom_padding_phone=&#8221;0px||||false|false&#8221; global_colors_info=&#8221;{}&#8221;][et_pb_column type=&#8221;1_3&#8243; _builder_version=&#8221;4.25.1&#8243; _module_preset=&#8221;default&#8221; global_colors_info=&#8221;{}&#8221;][et_pb_number_counter number=&#8221;19&#8243; percent_sign=&#8221;off&#8221; _builder_version=&#8221;4.27.4&#8243; _module_preset=&#8221;aef3784d-1e79-4b48-a5af-c89ef887f952&#8243; number_text_color=&#8221;gcid-1f1b4e15-7cc6-4e13-8154-74d77a956460&#8243; custom_margin_tablet=&#8221;&#8221; custom_margin_phone=&#8221;||0px||false|false&#8221; custom_margin_last_edited=&#8221;on|phone&#8221; custom_padding_tablet=&#8221;&#8221; custom_padding_phone=&#8221;||0px||false|false&#8221; custom_padding_last_edited=&#8221;on|phone&#8221; locked=&#8221;off&#8221; global_colors_info=&#8221;{%22gcid-1f1b4e15-7cc6-4e13-8154-74d77a956460%22:%91%22quote_border_color%22,%22link_text_color%22,%22quote_text_color%22,%22number_text_color%22%93,%22gcid-d7cd5a78-aaef-4f36-82a3-4d3706015cba%22:%91%22link_text_color%22%93}&#8221;][\/et_pb_number_counter][et_pb_text _builder_version=&#8221;4.27.4&#8243; _module_preset=&#8221;fe62d46f-fb24-48f4-ae29-8940f2230504&#8243; text_orientation=&#8221;center&#8221; global_colors_info=&#8221;{}&#8221;]<\/p>\n<p>Lata do\u015bwiadczenia.<\/p>\n<p>[\/et_pb_text][\/et_pb_column][et_pb_column type=&#8221;1_3&#8243; _builder_version=&#8221;4.25.1&#8243; _module_preset=&#8221;default&#8221; global_colors_info=&#8221;{}&#8221;][et_pb_number_counter number=&#8221;700+&#8221; percent_sign=&#8221;off&#8221; _builder_version=&#8221;4.27.4&#8243; _module_preset=&#8221;aef3784d-1e79-4b48-a5af-c89ef887f952&#8243; number_text_color=&#8221;gcid-4c79ba3d-a281-4fb6-9b14-02f9a4c793f2&#8243; custom_margin_tablet=&#8221;&#8221; custom_margin_phone=&#8221;||0px||false|false&#8221; custom_margin_last_edited=&#8221;on|phone&#8221; locked=&#8221;off&#8221; global_colors_info=&#8221;{%22gcid-1f1b4e15-7cc6-4e13-8154-74d77a956460%22:%91%22quote_border_color%22,%22link_text_color%22,%22quote_text_color%22,%22quote_border_color%22,%22link_text_color%22,%22quote_text_color%22%93,%22gcid-4c79ba3d-a281-4fb6-9b14-02f9a4c793f2%22:%91%22number_text_color%22%93}&#8221;][\/et_pb_number_counter][et_pb_text _builder_version=&#8221;4.27.4&#8243; _module_preset=&#8221;fe62d46f-fb24-48f4-ae29-8940f2230504&#8243; text_orientation=&#8221;center&#8221; global_colors_info=&#8221;{}&#8221;]<\/p>\n<p>Sprzedanych okien, rolet i drzwi.<\/p>\n<p>[\/et_pb_text][\/et_pb_column][et_pb_column type=&#8221;1_3&#8243; _builder_version=&#8221;4.25.1&#8243; _module_preset=&#8221;default&#8221; global_colors_info=&#8221;{}&#8221;][et_pb_number_counter number=&#8221;100+&#8221; percent_sign=&#8221;off&#8221; _builder_version=&#8221;4.27.4&#8243; _module_preset=&#8221;aef3784d-1e79-4b48-a5af-c89ef887f952&#8243; number_text_color=&#8221;#FFFFFF&#8221; custom_margin_tablet=&#8221;&#8221; custom_margin_phone=&#8221;||0px||false|false&#8221; custom_margin_last_edited=&#8221;on|phone&#8221; locked=&#8221;off&#8221; global_colors_info=&#8221;{%22gcid-1f1b4e15-7cc6-4e13-8154-74d77a956460%22:%91%22quote_border_color%22,%22link_text_color%22,%22quote_text_color%22,%22quote_border_color%22,%22link_text_color%22,%22quote_text_color%22%93}&#8221;][\/et_pb_number_counter][et_pb_text _builder_version=&#8221;4.27.4&#8243; _module_preset=&#8221;fe62d46f-fb24-48f4-ae29-8940f2230504&#8243; text_orientation=&#8221;center&#8221; global_colors_info=&#8221;{}&#8221;]<\/p>\n<p>Ponad 100 zrealizowanych inwestycji.<\/p>\n<p>[\/et_pb_text][\/et_pb_column][\/et_pb_row][\/et_pb_section]<\/p>\n","protected":false},"excerpt":{"rendered":"<p>Wszystko, czego potrzebujesz,w jednym miejscu.AK-OKNA Arkadiusz Kaczmarek to firma z wieloletnim do\u015bwiadczeniem, specjalizuj\u0105ca si\u0119 w dostarczaniu wysokiej jako\u015bci produkt\u00f3w zwi\u0105zanych z wyposa\u017ceniem okiennym i drzwiowym. W naszej ofercie znajdziesz szeroki wyb\u00f3r okien PCV, drzwi zewn\u0119trznych, bram gara\u017cowych, rolet oraz moskitier.To nowoczesne i energooszcz\u0119dne rozwi\u0105zanie, kt\u00f3re zapewni komfort i ciep\u0142o w Twoim domu.Niew\u0105tpliwie to wizyt\u00f3wka ka\u017cdego [&hellip;]<\/p>\n","protected":false},"author":1,"featured_media":0,"parent":0,"menu_order":0,"comment_status":"closed","ping_status":"closed","template":"","meta":{"_et_pb_use_builder":"on","_et_pb_old_content":"","_et_gb_content_width":"","footnotes":""},"class_list":["post-56","page","type-page","status-publish","hentry"],"_links":{"self":[{"href":"https:\/\/ak-okna.pl\/index.php?rest_route=\/wp\/v2\/pages\/56","targetHints":{"allow":["GET"]}}],"collection":[{"href":"https:\/\/ak-okna.pl\/index.php?rest_route=\/wp\/v2\/pages"}],"about":[{"href":"https:\/\/ak-okna.pl\/index.php?rest_route=\/wp\/v2\/types\/page"}],"author":[{"embeddable":true,"href":"https:\/\/ak-okna.pl\/index.php?rest_route=\/wp\/v2\/users\/1"}],"replies":[{"embeddable":true,"href":"https:\/\/ak-okna.pl\/index.php?rest_route=%2Fwp%2Fv2%2Fcomments&post=56"}],"version-history":[{"count":24,"href":"https:\/\/ak-okna.pl\/index.php?rest_route=\/wp\/v2\/pages\/56\/revisions"}],"predecessor-version":[{"id":183,"href":"https:\/\/ak-okna.pl\/index.php?rest_route=\/wp\/v2\/pages\/56\/revisions\/183"}],"wp:attachment":[{"href":"https:\/\/ak-okna.pl\/index.php?rest_route=%2Fwp%2Fv2%2Fmedia&parent=56"}],"curies":[{"name":"wp","href":"https:\/\/api.w.org\/{rel}","templated":true}]}}